{"id":7,"date":"2019-07-17T17:07:08","date_gmt":"2019-07-17T17:07:08","guid":{"rendered":"https:\/\/www.acergs.com.br\/site\/?page_id=7"},"modified":"2023-11-10T11:39:59","modified_gmt":"2023-11-10T14:39:59","slug":"inicio","status":"publish","type":"page","link":"https:\/\/www.acergs.com.br\/site\/","title":{"rendered":"In\u00edcio"},"content":{"rendered":"<div class=\"advanced-slider\" id=\"slider-pro-1\" tabindex=\"0\" style=\"width: px; height: px;\">\n\t<div class=\"slides\">\n\t\t<div class=\"slide\" >\n\t\t\t<img class=\"image\" src=\"https:\/\/www.acergs.com.br\/site\/wp-content\/uploads\/2019\/07\/aaa-1.jpg\" alt=\"\"\/>\n\t\t\t<img class=\"thumbnail\" src=\"https:\/\/www.acergs.com.br\/site\/wp-content\/plugins\/slider-pro\/includes\/timthumb\/timthumb.php?q=95&amp;w=80&amp;h=50&amp;a=c&amp;zc=1&amp;src=https:\/\/www.acergs.com.br\/site\/wp-content\/uploads\/2019\/07\/aaa-1.jpg\" alt=\"\"\/>\n\t\t<\/div>\n\t<\/div>\n<\/div>\n\n\n<div style=\"display: none;\">\n<p>associa\u00e7\u00e3o das empresas cerealistas do rs soja rs, acergs emrs, milho,rs , milho e trigo rs<\/p>\n<h1>milho emrs,\u00a0acergsrs, soja rs,<\/h1>\n<h2>milho emrs, associa\u00e7\u00e3o das empresas cerealistas do rs e regi\u00e3o, soja rs emrs, milho acergsrs, milho emrs , milho, parars e regi\u00e3o, milho parars e regi\u00e3o\u00a0trigo rs de milho emrs, associa\u00e7\u00e3o das empresas cerealistas do rs e regi\u00e3o, soja rs emrs, milho acergsrs, milho emrs , milho,<a title=\"trigo rs de milho emrs, associa\u00e7\u00e3o das empresas cerealistas do rs e regi\u00e3o, soja rs emrs, milho acergsrs, milho emrs , milho, parars e regi\u00e3o, milho parars e regi\u00e3o\" href=\"https:\/\/www.acergs.com.br\">parars e regi\u00e3o, milho parars e regi\u00e3o\u00a0trigo rs de milho emrs, associa\u00e7\u00e3o das empresas cerealistas do rs e regi\u00e3o, soja rs emrs, milho acergsrs, milho emrs , milho<\/a>, parars e regi\u00e3o, milho parars e regi\u00e3o\u00a0trigo rs de milho emrs, associa\u00e7\u00e3o das empresas cerealistas do rs e regi\u00e3o, soja rs emrs, milho acergsrs, milho emrs , milho, parars e regi\u00e3o, milho parars e regi\u00e3o\u00a0trigo rs de milho emrs, associa\u00e7\u00e3o das empresas cerealistas do rs e regi\u00e3o, soja rs emrs, milho acergsrs, milho emrs , milho, parars e regi\u00e3o,<a title=\"trigo rs de milho emrs, associa\u00e7\u00e3o das empresas cerealistas do rs e regi\u00e3o, soja rs emrs, milho acergsrs, milho emrs , milho, parars e regi\u00e3o, milho parars e regi\u00e3o\" href=\"https:\/\/www.acergs.com.br\/site\">milho parars e regi\u00e3o\u00a0trigo rs de milho emrs, associa\u00e7\u00e3o das empresas cerealistas do rs e regi\u00e3o, cria\u00e7\u00e3o de sit<\/a>es emrs, milho acergsrs, milho emrs , milho, parars e regi\u00e3o, milho parars e regi\u00e3o<\/h2>\n<div id=\"attachment_747\" style=\"width: 353px\" class=\"wp-caption aligncenter\"><img aria-describedby=\"caption-attachment-747\" class=\"size-full wp-image-747 \" title=\"trigo rs de milho emrs\" alt=\"trigo rs de milho emrs\" width=\"343\" height=\"300\" loading=\"lazy\" \/><p id=\"caption-attachment-747\" class=\"wp-caption-text\">trigo rs de milho emrs<\/p><\/div>\n<\/div>\n","protected":false},"excerpt":{"rendered":"<p>associa\u00e7\u00e3o das empresas cerealistas do rs soja rs, acergs emrs, milho,rs , milho e trigo rs milho emrs,\u00a0acergsrs, soja rs, milho emrs, associa\u00e7\u00e3o das empresas cerealistas do rs e regi\u00e3o, soja rs emrs, milho acergsrs, milho emrs , milho, parars e regi\u00e3o, milho parars e regi\u00e3o\u00a0trigo rs de milho emrs, associa\u00e7\u00e3o das empresas cerealistas do [&hellip;]<\/p>\n","protected":false},"author":1,"featured_media":0,"parent":0,"menu_order":0,"comment_status":"closed","ping_status":"closed","template":"template-inicio.php","meta":[],"_links":{"self":[{"href":"https:\/\/www.acergs.com.br\/site\/wp-json\/wp\/v2\/pages\/7"}],"collection":[{"href":"https:\/\/www.acergs.com.br\/site\/wp-json\/wp\/v2\/pages"}],"about":[{"href":"https:\/\/www.acergs.com.br\/site\/wp-json\/wp\/v2\/types\/page"}],"author":[{"embeddable":true,"href":"https:\/\/www.acergs.com.br\/site\/wp-json\/wp\/v2\/users\/1"}],"replies":[{"embeddable":true,"href":"https:\/\/www.acergs.com.br\/site\/wp-json\/wp\/v2\/comments?post=7"}],"version-history":[{"count":2,"href":"https:\/\/www.acergs.com.br\/site\/wp-json\/wp\/v2\/pages\/7\/revisions"}],"predecessor-version":[{"id":9769,"href":"https:\/\/www.acergs.com.br\/site\/wp-json\/wp\/v2\/pages\/7\/revisions\/9769"}],"wp:attachment":[{"href":"https:\/\/www.acergs.com.br\/site\/wp-json\/wp\/v2\/media?parent=7"}],"curies":[{"name":"wp","href":"https:\/\/api.w.org\/{rel}","templated":true}]}}